{"id":650055,"date":"2024-05-21T10:57:11","date_gmt":"2024-05-21T10:57:11","guid":{"rendered":"https:\/\/indiesmoke.co.in\/product\/cafe-creme-arome\/"},"modified":"2024-05-21T10:57:14","modified_gmt":"2024-05-21T10:57:14","slug":"cafe-creme-arome","status":"publish","type":"product","link":"https:\/\/indiesmoke.co.in\/hi\/product\/cafe-creme-arome\/","title":{"rendered":"Caf\u00e9 Cr\u00e8me Arome"},"content":{"rendered":"<div class=\"wc-tab-inner\">\n<h3>Indulge in the Rich Flavors of Caf\u00e9 Cr\u00e8me Arome Cigarillos<\/h3>\n<ul>\n<li><strong>Size<\/strong>: 3 x 20<\/li>\n<li><strong>Strength<\/strong>: Mild to Medium<\/li>\n<\/ul>\n<h3>About Caf\u00e9 Cr\u00e8me Cigarillos &#8211; A European Leader Since 1963<\/h3>\n<p>Caf\u00e9 Cr\u00e8me has been delighting cigar enthusiasts with their expertly crafted machine-made cigars for over five decades.<\/p>\n<p>This world-renowned brand is available in nearly 100 countries, with a strong presence in France, the UK, Australia, Spain, Finland, and Portugal. Caf\u00e9 Cr\u00e8me offers a variety of flavors and sizes to cater to every palate. Made with high-quality tobaccos from Java, Colombia, the Dominican Republic, and Italy and wrapped in natural Java or Ecuadorian leaves, these cigars are sure to satisfy your cravings.<\/p>\n<\/div>","protected":false},"excerpt":{"rendered":"<p>Indulge in the Rich Flavors of Caf\u00e9 Cr\u00e8me Arome Cigarillos Size: 3 x 20 Strength: Mild to Medium About Caf\u00e9 Cr\u00e8me Cigarillos &#8211; A European Leader Since 1963 Caf\u00e9 Cr\u00e8me has been delighting cigar enthusiasts with their expertly crafted machine-made cigars for over five decades. This world-renowned brand is available in nearly 100 countries, with a strong presence in France, the UK, Australia, Spain, Finland, and Portugal. Caf\u00e9 Cr\u00e8me offers a variety of flavors and sizes to cater to every palate. Made with high-quality tobaccos from Java, Colombia, the Dominican Republic, and Italy and wrapped in natural Java or Ecuadorian leaves, these cigars are sure to satisfy your cravings.<\/p>","protected":false},"featured_media":650056,"comment_status":"open","ping_status":"open","template":"","meta":{"inline_featured_image":false},"product_brand":[],"product_cat":[2986,3271],"product_tag":[3272,3112,3085,3273],"class_list":{"0":"post-650055","1":"product","2":"type-product","3":"status-publish","4":"has-post-thumbnail","6":"product_cat-cigar-types-sizes","7":"product_cat-flavoured-cigars","8":"product_tag-colombia","9":"product_tag-dominican-republic","10":"product_tag-italy","11":"product_tag-java","13":"first","14":"outofstock","15":"purchasable","16":"product-type-simple"},"yoast_head":"<!-- This site is optimized with the Yoast SEO Premium plugin v24.2 (Yoast SEO v25.6) - https:\/\/yoast.com\/wordpress\/plugins\/seo\/ -->\n<title>Caf\u00e9 Cr\u00e8me Arome - Indie Smokes - Indie Smoke cigarette shop - Buy Cigarettes and tobacco<\/title>\n<meta name=\"robots\" content=\"index, follow, max-snippet:-1, max-image-preview:large, max-video-preview:-1\" \/>\n<link rel=\"canonical\" href=\"https:\/\/indiesmoke.co.in\/hi\/product\/cafe-creme-arome\/\" \/>\n<meta property=\"og:locale\" content=\"hi_IN\" \/>\n<meta property=\"og:type\" content=\"article\" \/>\n<meta property=\"og:title\" content=\"Caf\u00e9 Cr\u00e8me Arome\" \/>\n<meta property=\"og:description\" content=\"Indulge in the Rich Flavors of Caf\u00e9 Cr\u00e8me Arome Cigarillos Size: 3 x 20 Strength: Mild to Medium About Caf\u00e9 Cr\u00e8me Cigarillos &#8211; A European Leader Since 1963 Caf\u00e9 Cr\u00e8me has been delighting cigar enthusiasts with their expertly crafted machine-made cigars for over five decades. This world-renowned brand is available in nearly 100 countries, with a strong presence in France, the UK, Australia, Spain, Finland, and Portugal. Caf\u00e9 Cr\u00e8me offers a variety of flavors and sizes to cater to every palate. Made with high-quality tobaccos from Java, Colombia, the Dominican Republic, and Italy and wrapped in natural Java or Ecuadorian leaves, these cigars are sure to satisfy your cravings.\" \/>\n<meta property=\"og:url\" content=\"https:\/\/indiesmoke.co.in\/hi\/product\/cafe-creme-arome\/\" \/>\n<meta property=\"og:site_name\" content=\"Indie Smokes - Indie Smoke cigarette shop - Buy Cigarettes and tobacco\" \/>\n<meta property=\"article:modified_time\" content=\"2024-05-21T10:57:14+00:00\" \/>\n<meta property=\"og:image\" content=\"https:\/\/indiesmoke.co.in\/wp-content\/uploads\/Cafe-Creme-Arome.png\" \/>\n\t<meta property=\"og:image:width\" content=\"2000\" \/>\n\t<meta property=\"og:image:height\" content=\"2000\" \/>\n\t<meta property=\"og:image:type\" content=\"image\/png\" \/>\n<meta name=\"twitter:card\" content=\"summary_large_image\" \/>\n<meta name=\"twitter:label1\" content=\"\u0905\u0928\u0941\u092e\u093e\u0928\u093f\u0924 \u092a\u0922\u093c\u0928\u0947 \u0915\u093e \u0938\u092e\u092f\" \/>\n\t<meta name=\"twitter:data1\" content=\"1 \u092e\u093f\u0928\u091f\" \/>\n<script type=\"application\/ld+json\" class=\"yoast-schema-graph\">{\"@context\":\"https:\/\/schema.org\",\"@graph\":[{\"@type\":\"WebPage\",\"@id\":\"https:\/\/indiesmoke.co.in\/product\/cafe-creme-arome\/\",\"url\":\"https:\/\/indiesmoke.co.in\/product\/cafe-creme-arome\/\",\"name\":\"Caf\u00e9 Cr\u00e8me Arome - Indie Smokes - Indie Smoke cigarette shop - Buy Cigarettes and tobacco\",\"isPartOf\":{\"@id\":\"https:\/\/indiesmoke.co.in\/hi\/#website\"},\"primaryImageOfPage\":{\"@id\":\"https:\/\/indiesmoke.co.in\/product\/cafe-creme-arome\/#primaryimage\"},\"image\":{\"@id\":\"https:\/\/indiesmoke.co.in\/product\/cafe-creme-arome\/#primaryimage\"},\"thumbnailUrl\":\"https:\/\/indiesmoke.co.in\/wp-content\/uploads\/Cafe-Creme-Arome.png\",\"datePublished\":\"2024-05-21T10:57:11+00:00\",\"dateModified\":\"2024-05-21T10:57:14+00:00\",\"breadcrumb\":{\"@id\":\"https:\/\/indiesmoke.co.in\/product\/cafe-creme-arome\/#breadcrumb\"},\"inLanguage\":\"hi-IN\",\"potentialAction\":[{\"@type\":\"ReadAction\",\"target\":[\"https:\/\/indiesmoke.co.in\/product\/cafe-creme-arome\/\"]}]},{\"@type\":\"ImageObject\",\"inLanguage\":\"hi-IN\",\"@id\":\"https:\/\/indiesmoke.co.in\/product\/cafe-creme-arome\/#primaryimage\",\"url\":\"https:\/\/indiesmoke.co.in\/wp-content\/uploads\/Cafe-Creme-Arome.png\",\"contentUrl\":\"https:\/\/indiesmoke.co.in\/wp-content\/uploads\/Cafe-Creme-Arome.png\",\"width\":2000,\"height\":2000},{\"@type\":\"BreadcrumbList\",\"@id\":\"https:\/\/indiesmoke.co.in\/product\/cafe-creme-arome\/#breadcrumb\",\"itemListElement\":[{\"@type\":\"ListItem\",\"position\":1,\"name\":\"Home\",\"item\":\"https:\/\/indiesmoke.co.in\/\"},{\"@type\":\"ListItem\",\"position\":2,\"name\":\"Shop\",\"item\":\"https:\/\/indiesmoke.co.in\/hi\/shop\/\"},{\"@type\":\"ListItem\",\"position\":3,\"name\":\"Caf\u00e9 Cr\u00e8me Arome\"}]},{\"@type\":\"WebSite\",\"@id\":\"https:\/\/indiesmoke.co.in\/hi\/#website\",\"url\":\"https:\/\/indiesmoke.co.in\/hi\/\",\"name\":\"Indie Smokes - Indie Smoke cigarette shop - Buy Cigarettes and tobacco\",\"description\":\"Indie Smoke is India&#039;s online source for affordable and top-class smoking products. We ship nationwide.\",\"potentialAction\":[{\"@type\":\"SearchAction\",\"target\":{\"@type\":\"EntryPoint\",\"urlTemplate\":\"https:\/\/indiesmoke.co.in\/hi\/?s={search_term_string}\"},\"query-input\":{\"@type\":\"PropertyValueSpecification\",\"valueRequired\":true,\"valueName\":\"search_term_string\"}}],\"inLanguage\":\"hi-IN\"}]}<\/script>\n<!-- \/ Yoast SEO Premium plugin. -->","yoast_head_json":{"title":"Caf\u00e9 Cr\u00e8me Arome - Indie Smokes - Indie Smoke cigarette shop - Buy Cigarettes and tobacco","robots":{"index":"index","follow":"follow","max-snippet":"max-snippet:-1","max-image-preview":"max-image-preview:large","max-video-preview":"max-video-preview:-1"},"canonical":"https:\/\/indiesmoke.co.in\/hi\/product\/cafe-creme-arome\/","og_locale":"hi_IN","og_type":"article","og_title":"Caf\u00e9 Cr\u00e8me Arome","og_description":"Indulge in the Rich Flavors of Caf\u00e9 Cr\u00e8me Arome Cigarillos Size: 3 x 20 Strength: Mild to Medium About Caf\u00e9 Cr\u00e8me Cigarillos &#8211; A European Leader Since 1963 Caf\u00e9 Cr\u00e8me has been delighting cigar enthusiasts with their expertly crafted machine-made cigars for over five decades. This world-renowned brand is available in nearly 100 countries, with a strong presence in France, the UK, Australia, Spain, Finland, and Portugal. Caf\u00e9 Cr\u00e8me offers a variety of flavors and sizes to cater to every palate. Made with high-quality tobaccos from Java, Colombia, the Dominican Republic, and Italy and wrapped in natural Java or Ecuadorian leaves, these cigars are sure to satisfy your cravings.","og_url":"https:\/\/indiesmoke.co.in\/hi\/product\/cafe-creme-arome\/","og_site_name":"Indie Smokes - Indie Smoke cigarette shop - Buy Cigarettes and tobacco","article_modified_time":"2024-05-21T10:57:14+00:00","og_image":[{"width":2000,"height":2000,"url":"https:\/\/indiesmoke.co.in\/wp-content\/uploads\/Cafe-Creme-Arome.png","type":"image\/png"}],"twitter_card":"summary_large_image","twitter_misc":{"\u0905\u0928\u0941\u092e\u093e\u0928\u093f\u0924 \u092a\u0922\u093c\u0928\u0947 \u0915\u093e \u0938\u092e\u092f":"1 \u092e\u093f\u0928\u091f"},"schema":{"@context":"https:\/\/schema.org","@graph":[{"@type":"WebPage","@id":"https:\/\/indiesmoke.co.in\/product\/cafe-creme-arome\/","url":"https:\/\/indiesmoke.co.in\/product\/cafe-creme-arome\/","name":"Caf\u00e9 Cr\u00e8me Arome - Indie Smokes - Indie Smoke cigarette shop - Buy Cigarettes and tobacco","isPartOf":{"@id":"https:\/\/indiesmoke.co.in\/hi\/#website"},"primaryImageOfPage":{"@id":"https:\/\/indiesmoke.co.in\/product\/cafe-creme-arome\/#primaryimage"},"image":{"@id":"https:\/\/indiesmoke.co.in\/product\/cafe-creme-arome\/#primaryimage"},"thumbnailUrl":"https:\/\/indiesmoke.co.in\/wp-content\/uploads\/Cafe-Creme-Arome.png","datePublished":"2024-05-21T10:57:11+00:00","dateModified":"2024-05-21T10:57:14+00:00","breadcrumb":{"@id":"https:\/\/indiesmoke.co.in\/product\/cafe-creme-arome\/#breadcrumb"},"inLanguage":"hi-IN","potentialAction":[{"@type":"ReadAction","target":["https:\/\/indiesmoke.co.in\/product\/cafe-creme-arome\/"]}]},{"@type":"ImageObject","inLanguage":"hi-IN","@id":"https:\/\/indiesmoke.co.in\/product\/cafe-creme-arome\/#primaryimage","url":"https:\/\/indiesmoke.co.in\/wp-content\/uploads\/Cafe-Creme-Arome.png","contentUrl":"https:\/\/indiesmoke.co.in\/wp-content\/uploads\/Cafe-Creme-Arome.png","width":2000,"height":2000},{"@type":"BreadcrumbList","@id":"https:\/\/indiesmoke.co.in\/product\/cafe-creme-arome\/#breadcrumb","itemListElement":[{"@type":"ListItem","position":1,"name":"Home","item":"https:\/\/indiesmoke.co.in\/"},{"@type":"ListItem","position":2,"name":"Shop","item":"https:\/\/indiesmoke.co.in\/hi\/shop\/"},{"@type":"ListItem","position":3,"name":"Caf\u00e9 Cr\u00e8me Arome"}]},{"@type":"WebSite","@id":"https:\/\/indiesmoke.co.in\/hi\/#website","url":"https:\/\/indiesmoke.co.in\/hi\/","name":"Indie Smokes - Indie Smoke cigarette shop - Buy Cigarettes and tobacco","description":"Indie Smoke is India&#039;s online source for affordable and top-class smoking products. We ship nationwide.","potentialAction":[{"@type":"SearchAction","target":{"@type":"EntryPoint","urlTemplate":"https:\/\/indiesmoke.co.in\/hi\/?s={search_term_string}"},"query-input":{"@type":"PropertyValueSpecification","valueRequired":true,"valueName":"search_term_string"}}],"inLanguage":"hi-IN"}]}},"_links":{"self":[{"href":"https:\/\/indiesmoke.co.in\/hi\/wp-json\/wp\/v2\/product\/650055","targetHints":{"allow":["GET"]}}],"collection":[{"href":"https:\/\/indiesmoke.co.in\/hi\/wp-json\/wp\/v2\/product"}],"about":[{"href":"https:\/\/indiesmoke.co.in\/hi\/wp-json\/wp\/v2\/types\/product"}],"replies":[{"embeddable":true,"href":"https:\/\/indiesmoke.co.in\/hi\/wp-json\/wp\/v2\/comments?post=650055"}],"wp:featuredmedia":[{"embeddable":true,"href":"https:\/\/indiesmoke.co.in\/hi\/wp-json\/wp\/v2\/media\/650056"}],"wp:attachment":[{"href":"https:\/\/indiesmoke.co.in\/hi\/wp-json\/wp\/v2\/media?parent=650055"}],"wp:term":[{"taxonomy":"product_brand","embeddable":true,"href":"https:\/\/indiesmoke.co.in\/hi\/wp-json\/wp\/v2\/product_brand?post=650055"},{"taxonomy":"product_cat","embeddable":true,"href":"https:\/\/indiesmoke.co.in\/hi\/wp-json\/wp\/v2\/product_cat?post=650055"},{"taxonomy":"product_tag","embeddable":true,"href":"https:\/\/indiesmoke.co.in\/hi\/wp-json\/wp\/v2\/product_tag?post=650055"}],"curies":[{"name":"wp","href":"https:\/\/api.w.org\/{rel}","templated":true}]}}