{"id":649477,"date":"2024-05-21T10:37:02","date_gmt":"2024-05-21T10:37:02","guid":{"rendered":"https:\/\/indiesmoke.co.in\/product\/leon-jimenez-robusto\/"},"modified":"2024-05-21T10:37:36","modified_gmt":"2024-05-21T10:37:36","slug":"leon-jimenez-robusto","status":"publish","type":"product","link":"https:\/\/indiesmoke.co.in\/pa\/product\/leon-jimenez-robusto\/","title":{"rendered":"Leon Jimenez Robusto"},"content":{"rendered":"<div class=\"wc-tab-inner\">\n<h3>The Finest Leon Jimenez Cigars &#8211; Robusto<\/h3>\n<ul>\n<li><strong>Size:<\/strong> 5 x 50<\/li>\n<li class=\"entry-header\"><strong>Strength<\/strong>: Medium<\/li>\n<\/ul>\n<h3>About Leon Jimmenez Cigars &#8211; A Legacy of Excellence<\/h3>\n<header class=\"entry-header\">\n<div class=\"col medium-6 small-10 large-6\">\n<div class=\"col-inner text-center\">\n<div class=\"product-short-description\">\n<p>Crafted with passion and expertise, our Leon Jimenez cigars offer a smooth and elegant smoking experience. Made with a trendy Connecticut wrapper, these cigars boast flavors of wood, bitter cocoa, and nuts.<\/p>\n<\/div>\n<\/div>\n<\/div>\n<\/header>\n<div class=\"entry-content single-page\">\n<p>Dedicated to satisfying all cigar lovers, La Aurora proudly presents the Le\u00f3n Jimenes line. This tribute to our founders, Eduardo Le\u00f3n Jimenes and Herminio Le\u00f3n, offers a tranquil and sophisticated smoke. The renowned Connecticut wrapper is responsible for the unique taste of these cigars.<\/p>\n<p>In 1987, La Aurora released the first Le\u00f3n Jimenes cigar as a tribute to our founders&#8217; hard work and dedication. Master Blender Manuel Inoa explains that these premium cigars are infused with classic flavors like wood, cocoa, creaminess, and nuts. Around 16\u201317 percent of the blend is made up of the distinctive Connecticut wrapper.<\/p>\n<p>The original blend featured tobacco from Valle del Cibao in the Dominican Republic. Later on, we added Nicaraguan tobacco to enhance consistency in flavor and aroma. The binder is also sourced from Valle del Cibao. Despite using different tobaccos in our blend,<strong>\u201c <\/strong>this cigar delivers a smooth yet flavorful smoking experience<strong>.\u201d<\/strong><\/p>\n<\/div>\n<p>Experience the excellence of Le\u00f3n Jimenes cigars today.<\/p>\n<\/div>","protected":false},"excerpt":{"rendered":"<p>The Finest Leon Jimenez Cigars &#8211; Robusto Size: 5 x 50 Strength: Medium About Leon Jimmenez Cigars &#8211; A Legacy of Excellence Crafted with passion and expertise, our Leon Jimenez cigars offer a smooth and elegant smoking experience. Made with a trendy Connecticut wrapper, these cigars boast flavors of wood, bitter cocoa, and nuts. Dedicated to satisfying all cigar lovers, La Aurora proudly presents the Le\u00f3n Jimenes line. This tribute to our founders, Eduardo Le\u00f3n Jimenes and Herminio Le\u00f3n, offers a tranquil and sophisticated smoke. The renowned Connecticut wrapper is responsible for the unique taste of these cigars. In 1987, La Aurora released the first Le\u00f3n Jimenes cigar as a tribute to our founders&#8217; hard work and dedication. Master Blender Manuel Inoa explains that these premium cigars are infused with classic flavors like wood, cocoa, creaminess, and nuts. Around 16\u201317 percent of the blend is made up of the distinctive Connecticut wrapper. The original blend featured tobacco from Valle del Cibao in the Dominican Republic. Later on, we added Nicaraguan tobacco to enhance consistency in flavor and aroma. The binder is also sourced from Valle del Cibao. Despite using different tobaccos in our blend,\u201c this cigar delivers a smooth yet flavorful smoking experience.\u201d Experience the excellence of Le\u00f3n Jimenes cigars today.<\/p>","protected":false},"featured_media":649478,"comment_status":"open","ping_status":"open","template":"","meta":{"inline_featured_image":false},"product_brand":[],"product_cat":[3041],"product_tag":[3392,3112,3092,3164],"class_list":{"0":"post-649477","1":"product","2":"type-product","3":"status-publish","4":"has-post-thumbnail","6":"product_cat-non-cuban-cigars","7":"product_tag-connecticut","8":"product_tag-dominican-republic","9":"product_tag-parejo","10":"product_tag-robusto","12":"first","13":"outofstock","14":"purchasable","15":"product-type-simple"},"yoast_head":"<!-- This site is optimized with the Yoast SEO Premium plugin v24.2 (Yoast SEO v25.6) - https:\/\/yoast.com\/wordpress\/plugins\/seo\/ -->\n<title>Leon Jimenez Robusto - Indie Smokes - Indie Smoke cigarette shop - Buy Cigarettes and tobacco<\/title>\n<meta name=\"robots\" content=\"index, follow, max-snippet:-1, max-image-preview:large, max-video-preview:-1\" \/>\n<link rel=\"canonical\" href=\"https:\/\/indiesmoke.co.in\/pa\/product\/leon-jimenez-robusto\/\" \/>\n<meta property=\"og:locale\" content=\"pa_IN\" \/>\n<meta property=\"og:type\" content=\"article\" \/>\n<meta property=\"og:title\" content=\"Leon Jimenez Robusto\" \/>\n<meta property=\"og:description\" content=\"The Finest Leon Jimenez Cigars &#8211; Robusto Size: 5 x 50 Strength: Medium About Leon Jimmenez Cigars &#8211; A Legacy of Excellence Crafted with passion and expertise, our Leon Jimenez cigars offer a smooth and elegant smoking experience. Made with a trendy Connecticut wrapper, these cigars boast flavors of wood, bitter cocoa, and nuts. Dedicated to satisfying all cigar lovers, La Aurora proudly presents the Le\u00f3n Jimenes line. This tribute to our founders, Eduardo Le\u00f3n Jimenes and Herminio Le\u00f3n, offers a tranquil and sophisticated smoke. The renowned Connecticut wrapper is responsible for the unique taste of these cigars. In 1987, La Aurora released the first Le\u00f3n Jimenes cigar as a tribute to our founders&#8217; hard work and dedication. Master Blender Manuel Inoa explains that these premium cigars are infused with classic flavors like wood, cocoa, creaminess, and nuts. Around 16\u201317 percent of the blend is made up of the distinctive Connecticut wrapper. The original blend featured tobacco from Valle del Cibao in the Dominican Republic. Later on, we added Nicaraguan tobacco to enhance consistency in flavor and aroma. The binder is also sourced from Valle del Cibao. Despite using different tobaccos in our blend,\u201c this cigar delivers a smooth yet flavorful smoking experience.\u201d Experience the excellence of Le\u00f3n Jimenes cigars today.\" \/>\n<meta property=\"og:url\" content=\"https:\/\/indiesmoke.co.in\/pa\/product\/leon-jimenez-robusto\/\" \/>\n<meta property=\"og:site_name\" content=\"Indie Smokes - Indie Smoke cigarette shop - Buy Cigarettes and tobacco\" \/>\n<meta property=\"article:modified_time\" content=\"2024-05-21T10:37:36+00:00\" \/>\n<meta property=\"og:image\" content=\"https:\/\/indiesmoke.co.in\/wp-content\/uploads\/Leon-Jimenez-Robusto-.jpg\" \/>\n\t<meta property=\"og:image:width\" content=\"1080\" \/>\n\t<meta property=\"og:image:height\" content=\"1080\" \/>\n\t<meta property=\"og:image:type\" content=\"image\/jpeg\" \/>\n<meta name=\"twitter:card\" content=\"summary_large_image\" \/>\n<meta name=\"twitter:label1\" content=\"Est. reading time\" \/>\n\t<meta name=\"twitter:data1\" content=\"1 minute\" \/>\n<script type=\"application\/ld+json\" class=\"yoast-schema-graph\">{\"@context\":\"https:\/\/schema.org\",\"@graph\":[{\"@type\":\"WebPage\",\"@id\":\"https:\/\/indiesmoke.co.in\/product\/leon-jimenez-robusto\/\",\"url\":\"https:\/\/indiesmoke.co.in\/product\/leon-jimenez-robusto\/\",\"name\":\"Leon Jimenez Robusto - Indie Smokes - Indie Smoke cigarette shop - Buy Cigarettes and tobacco\",\"isPartOf\":{\"@id\":\"https:\/\/indiesmoke.co.in\/hi\/#website\"},\"primaryImageOfPage\":{\"@id\":\"https:\/\/indiesmoke.co.in\/product\/leon-jimenez-robusto\/#primaryimage\"},\"image\":{\"@id\":\"https:\/\/indiesmoke.co.in\/product\/leon-jimenez-robusto\/#primaryimage\"},\"thumbnailUrl\":\"https:\/\/indiesmoke.co.in\/wp-content\/uploads\/Leon-Jimenez-Robusto-.jpg\",\"datePublished\":\"2024-05-21T10:37:02+00:00\",\"dateModified\":\"2024-05-21T10:37:36+00:00\",\"breadcrumb\":{\"@id\":\"https:\/\/indiesmoke.co.in\/product\/leon-jimenez-robusto\/#breadcrumb\"},\"inLanguage\":\"pa-IN\",\"potentialAction\":[{\"@type\":\"ReadAction\",\"target\":[\"https:\/\/indiesmoke.co.in\/product\/leon-jimenez-robusto\/\"]}]},{\"@type\":\"ImageObject\",\"inLanguage\":\"pa-IN\",\"@id\":\"https:\/\/indiesmoke.co.in\/product\/leon-jimenez-robusto\/#primaryimage\",\"url\":\"https:\/\/indiesmoke.co.in\/wp-content\/uploads\/Leon-Jimenez-Robusto-.jpg\",\"contentUrl\":\"https:\/\/indiesmoke.co.in\/wp-content\/uploads\/Leon-Jimenez-Robusto-.jpg\",\"width\":1080,\"height\":1080},{\"@type\":\"BreadcrumbList\",\"@id\":\"https:\/\/indiesmoke.co.in\/product\/leon-jimenez-robusto\/#breadcrumb\",\"itemListElement\":[{\"@type\":\"ListItem\",\"position\":1,\"name\":\"Home\",\"item\":\"https:\/\/indiesmoke.co.in\/\"},{\"@type\":\"ListItem\",\"position\":2,\"name\":\"Shop\",\"item\":\"https:\/\/indiesmoke.co.in\/hi\/shop\/\"},{\"@type\":\"ListItem\",\"position\":3,\"name\":\"Leon Jimenez Robusto\"}]},{\"@type\":\"WebSite\",\"@id\":\"https:\/\/indiesmoke.co.in\/hi\/#website\",\"url\":\"https:\/\/indiesmoke.co.in\/hi\/\",\"name\":\"Indie Smokes - Indie Smoke cigarette shop - Buy Cigarettes and tobacco\",\"description\":\"Indie Smoke is India&#039;s online source for affordable and top-class smoking products. We ship nationwide.\",\"potentialAction\":[{\"@type\":\"SearchAction\",\"target\":{\"@type\":\"EntryPoint\",\"urlTemplate\":\"https:\/\/indiesmoke.co.in\/hi\/?s={search_term_string}\"},\"query-input\":{\"@type\":\"PropertyValueSpecification\",\"valueRequired\":true,\"valueName\":\"search_term_string\"}}],\"inLanguage\":\"pa-IN\"}]}<\/script>\n<!-- \/ Yoast SEO Premium plugin. -->","yoast_head_json":{"title":"Leon Jimenez Robusto - Indie Smokes - Indie Smoke cigarette shop - Buy Cigarettes and tobacco","robots":{"index":"index","follow":"follow","max-snippet":"max-snippet:-1","max-image-preview":"max-image-preview:large","max-video-preview":"max-video-preview:-1"},"canonical":"https:\/\/indiesmoke.co.in\/pa\/product\/leon-jimenez-robusto\/","og_locale":"pa_IN","og_type":"article","og_title":"Leon Jimenez Robusto","og_description":"The Finest Leon Jimenez Cigars &#8211; Robusto Size: 5 x 50 Strength: Medium About Leon Jimmenez Cigars &#8211; A Legacy of Excellence Crafted with passion and expertise, our Leon Jimenez cigars offer a smooth and elegant smoking experience. Made with a trendy Connecticut wrapper, these cigars boast flavors of wood, bitter cocoa, and nuts. Dedicated to satisfying all cigar lovers, La Aurora proudly presents the Le\u00f3n Jimenes line. This tribute to our founders, Eduardo Le\u00f3n Jimenes and Herminio Le\u00f3n, offers a tranquil and sophisticated smoke. The renowned Connecticut wrapper is responsible for the unique taste of these cigars. In 1987, La Aurora released the first Le\u00f3n Jimenes cigar as a tribute to our founders&#8217; hard work and dedication. Master Blender Manuel Inoa explains that these premium cigars are infused with classic flavors like wood, cocoa, creaminess, and nuts. Around 16\u201317 percent of the blend is made up of the distinctive Connecticut wrapper. The original blend featured tobacco from Valle del Cibao in the Dominican Republic. Later on, we added Nicaraguan tobacco to enhance consistency in flavor and aroma. The binder is also sourced from Valle del Cibao. Despite using different tobaccos in our blend,\u201c this cigar delivers a smooth yet flavorful smoking experience.\u201d Experience the excellence of Le\u00f3n Jimenes cigars today.","og_url":"https:\/\/indiesmoke.co.in\/pa\/product\/leon-jimenez-robusto\/","og_site_name":"Indie Smokes - Indie Smoke cigarette shop - Buy Cigarettes and tobacco","article_modified_time":"2024-05-21T10:37:36+00:00","og_image":[{"width":1080,"height":1080,"url":"https:\/\/indiesmoke.co.in\/wp-content\/uploads\/Leon-Jimenez-Robusto-.jpg","type":"image\/jpeg"}],"twitter_card":"summary_large_image","twitter_misc":{"Est. reading time":"1 minute"},"schema":{"@context":"https:\/\/schema.org","@graph":[{"@type":"WebPage","@id":"https:\/\/indiesmoke.co.in\/product\/leon-jimenez-robusto\/","url":"https:\/\/indiesmoke.co.in\/product\/leon-jimenez-robusto\/","name":"Leon Jimenez Robusto - Indie Smokes - Indie Smoke cigarette shop - Buy Cigarettes and tobacco","isPartOf":{"@id":"https:\/\/indiesmoke.co.in\/hi\/#website"},"primaryImageOfPage":{"@id":"https:\/\/indiesmoke.co.in\/product\/leon-jimenez-robusto\/#primaryimage"},"image":{"@id":"https:\/\/indiesmoke.co.in\/product\/leon-jimenez-robusto\/#primaryimage"},"thumbnailUrl":"https:\/\/indiesmoke.co.in\/wp-content\/uploads\/Leon-Jimenez-Robusto-.jpg","datePublished":"2024-05-21T10:37:02+00:00","dateModified":"2024-05-21T10:37:36+00:00","breadcrumb":{"@id":"https:\/\/indiesmoke.co.in\/product\/leon-jimenez-robusto\/#breadcrumb"},"inLanguage":"pa-IN","potentialAction":[{"@type":"ReadAction","target":["https:\/\/indiesmoke.co.in\/product\/leon-jimenez-robusto\/"]}]},{"@type":"ImageObject","inLanguage":"pa-IN","@id":"https:\/\/indiesmoke.co.in\/product\/leon-jimenez-robusto\/#primaryimage","url":"https:\/\/indiesmoke.co.in\/wp-content\/uploads\/Leon-Jimenez-Robusto-.jpg","contentUrl":"https:\/\/indiesmoke.co.in\/wp-content\/uploads\/Leon-Jimenez-Robusto-.jpg","width":1080,"height":1080},{"@type":"BreadcrumbList","@id":"https:\/\/indiesmoke.co.in\/product\/leon-jimenez-robusto\/#breadcrumb","itemListElement":[{"@type":"ListItem","position":1,"name":"Home","item":"https:\/\/indiesmoke.co.in\/"},{"@type":"ListItem","position":2,"name":"Shop","item":"https:\/\/indiesmoke.co.in\/hi\/shop\/"},{"@type":"ListItem","position":3,"name":"Leon Jimenez Robusto"}]},{"@type":"WebSite","@id":"https:\/\/indiesmoke.co.in\/hi\/#website","url":"https:\/\/indiesmoke.co.in\/hi\/","name":"Indie Smokes - Indie Smoke cigarette shop - Buy Cigarettes and tobacco","description":"Indie Smoke is India&#039;s online source for affordable and top-class smoking products. We ship nationwide.","potentialAction":[{"@type":"SearchAction","target":{"@type":"EntryPoint","urlTemplate":"https:\/\/indiesmoke.co.in\/hi\/?s={search_term_string}"},"query-input":{"@type":"PropertyValueSpecification","valueRequired":true,"valueName":"search_term_string"}}],"inLanguage":"pa-IN"}]}},"_links":{"self":[{"href":"https:\/\/indiesmoke.co.in\/pa\/wp-json\/wp\/v2\/product\/649477","targetHints":{"allow":["GET"]}}],"collection":[{"href":"https:\/\/indiesmoke.co.in\/pa\/wp-json\/wp\/v2\/product"}],"about":[{"href":"https:\/\/indiesmoke.co.in\/pa\/wp-json\/wp\/v2\/types\/product"}],"replies":[{"embeddable":true,"href":"https:\/\/indiesmoke.co.in\/pa\/wp-json\/wp\/v2\/comments?post=649477"}],"wp:featuredmedia":[{"embeddable":true,"href":"https:\/\/indiesmoke.co.in\/pa\/wp-json\/wp\/v2\/media\/649478"}],"wp:attachment":[{"href":"https:\/\/indiesmoke.co.in\/pa\/wp-json\/wp\/v2\/media?parent=649477"}],"wp:term":[{"taxonomy":"product_brand","embeddable":true,"href":"https:\/\/indiesmoke.co.in\/pa\/wp-json\/wp\/v2\/product_brand?post=649477"},{"taxonomy":"product_cat","embeddable":true,"href":"https:\/\/indiesmoke.co.in\/pa\/wp-json\/wp\/v2\/product_cat?post=649477"},{"taxonomy":"product_tag","embeddable":true,"href":"https:\/\/indiesmoke.co.in\/pa\/wp-json\/wp\/v2\/product_tag?post=649477"}],"curies":[{"name":"wp","href":"https:\/\/api.w.org\/{rel}","templated":true}]}}