{"id":649516,"date":"2024-05-21T10:38:44","date_gmt":"2024-05-21T10:38:44","guid":{"rendered":"https:\/\/indiesmoke.co.in\/product\/cafe-creme-vanilla\/"},"modified":"2024-05-21T10:38:58","modified_gmt":"2024-05-21T10:38:58","slug":"cafe-creme-vanilla","status":"publish","type":"product","link":"https:\/\/indiesmoke.co.in\/pa\/product\/cafe-creme-vanilla\/","title":{"rendered":"Caf\u00e9 Cr\u00e8me Vanilla"},"content":{"rendered":"<div class=\"wc-tab-inner\">\n<h3>Indulge in the Luxurious Flavors of Caf\u00e9 Cr\u00e8me Vanilla Cigarillos<\/h3>\n<ul>\n<li><strong>Size<\/strong>: 3 x 20<\/li>\n<li><strong>Strength<\/strong>: Mild to Medium<\/li>\n<\/ul>\n<h3>Discover the Rich History of Caf\u00e9 Cr\u00e8me Cigarillos<\/h3>\n<p>Caf\u00e9 Cr\u00e8me has been a leader in the world of machine-made cigars since its inception in 1963.<\/p>\n<p>As one of the top-selling cigarillo brands globally, Caf\u00e9 Cr\u00e8me is enjoyed by enthusiasts in almost 100 countries, with a strong presence in France, the UK, Australia, Spain, Finland and Portugal. The brand offers a variety of options including flavored variants, filtered options and smaller sizes. Made with tobacco from Java, Colombia, the Dominican Republic and Italy and wrapped in natural Java or Ecuadorian leaves, these cigars are truly exceptional.<\/p>\n<\/div>","protected":false},"excerpt":{"rendered":"<p>Indulge in the Luxurious Flavors of Caf\u00e9 Cr\u00e8me Vanilla Cigarillos Size: 3 x 20 Strength: Mild to Medium Discover the Rich History of Caf\u00e9 Cr\u00e8me Cigarillos Caf\u00e9 Cr\u00e8me has been a leader in the world of machine-made cigars since its inception in 1963. As one of the top-selling cigarillo brands globally, Caf\u00e9 Cr\u00e8me is enjoyed by enthusiasts in almost 100 countries, with a strong presence in France, the UK, Australia, Spain, Finland and Portugal. The brand offers a variety of options including flavored variants, filtered options and smaller sizes. Made with tobacco from Java, Colombia, the Dominican Republic and Italy and wrapped in natural Java or Ecuadorian leaves, these cigars are truly exceptional.<\/p>","protected":false},"featured_media":649517,"comment_status":"open","ping_status":"open","template":"","meta":{"inline_featured_image":false},"product_brand":[],"product_cat":[2986,3271],"product_tag":[3272,3112,3085,3273],"class_list":{"0":"post-649516","1":"product","2":"type-product","3":"status-publish","4":"has-post-thumbnail","6":"product_cat-cigar-types-sizes","7":"product_cat-flavoured-cigars","8":"product_tag-colombia","9":"product_tag-dominican-republic","10":"product_tag-italy","11":"product_tag-java","13":"first","14":"outofstock","15":"purchasable","16":"product-type-simple"},"yoast_head":"<!-- This site is optimized with the Yoast SEO Premium plugin v24.2 (Yoast SEO v25.6) - https:\/\/yoast.com\/wordpress\/plugins\/seo\/ -->\n<title>Caf\u00e9 Cr\u00e8me Vanilla - Indie Smokes - Indie Smoke cigarette shop - Buy Cigarettes and tobacco<\/title>\n<meta name=\"robots\" content=\"index, follow, max-snippet:-1, max-image-preview:large, max-video-preview:-1\" \/>\n<link rel=\"canonical\" href=\"https:\/\/indiesmoke.co.in\/pa\/product\/cafe-creme-vanilla\/\" \/>\n<meta property=\"og:locale\" content=\"pa_IN\" \/>\n<meta property=\"og:type\" content=\"article\" \/>\n<meta property=\"og:title\" content=\"Caf\u00e9 Cr\u00e8me Vanilla\" \/>\n<meta property=\"og:description\" content=\"Indulge in the Luxurious Flavors of Caf\u00e9 Cr\u00e8me Vanilla Cigarillos Size: 3 x 20 Strength: Mild to Medium Discover the Rich History of Caf\u00e9 Cr\u00e8me Cigarillos Caf\u00e9 Cr\u00e8me has been a leader in the world of machine-made cigars since its inception in 1963. As one of the top-selling cigarillo brands globally, Caf\u00e9 Cr\u00e8me is enjoyed by enthusiasts in almost 100 countries, with a strong presence in France, the UK, Australia, Spain, Finland and Portugal. The brand offers a variety of options including flavored variants, filtered options and smaller sizes. Made with tobacco from Java, Colombia, the Dominican Republic and Italy and wrapped in natural Java or Ecuadorian leaves, these cigars are truly exceptional.\" \/>\n<meta property=\"og:url\" content=\"https:\/\/indiesmoke.co.in\/pa\/product\/cafe-creme-vanilla\/\" \/>\n<meta property=\"og:site_name\" content=\"Indie Smokes - Indie Smoke cigarette shop - Buy Cigarettes and tobacco\" \/>\n<meta property=\"article:modified_time\" content=\"2024-05-21T10:38:58+00:00\" \/>\n<meta property=\"og:image\" content=\"https:\/\/indiesmoke.co.in\/wp-content\/uploads\/Cafe-Creme-Vanilla-1.jpg\" \/>\n\t<meta property=\"og:image:width\" content=\"700\" \/>\n\t<meta property=\"og:image:height\" content=\"700\" \/>\n\t<meta property=\"og:image:type\" content=\"image\/jpeg\" \/>\n<meta name=\"twitter:card\" content=\"summary_large_image\" \/>\n<meta name=\"twitter:label1\" content=\"Est. reading time\" \/>\n\t<meta name=\"twitter:data1\" content=\"1 minute\" \/>\n<script type=\"application\/ld+json\" class=\"yoast-schema-graph\">{\"@context\":\"https:\/\/schema.org\",\"@graph\":[{\"@type\":\"WebPage\",\"@id\":\"https:\/\/indiesmoke.co.in\/pa\/product\/cafe-creme-vanilla\/\",\"url\":\"https:\/\/indiesmoke.co.in\/pa\/product\/cafe-creme-vanilla\/\",\"name\":\"Caf\u00e9 Cr\u00e8me Vanilla - Indie Smokes - Indie Smoke cigarette shop - Buy Cigarettes and tobacco\",\"isPartOf\":{\"@id\":\"https:\/\/indiesmoke.co.in\/hi\/#website\"},\"primaryImageOfPage\":{\"@id\":\"https:\/\/indiesmoke.co.in\/pa\/product\/cafe-creme-vanilla\/#primaryimage\"},\"image\":{\"@id\":\"https:\/\/indiesmoke.co.in\/pa\/product\/cafe-creme-vanilla\/#primaryimage\"},\"thumbnailUrl\":\"https:\/\/indiesmoke.co.in\/wp-content\/uploads\/Cafe-Creme-Vanilla-1.jpg\",\"datePublished\":\"2024-05-21T10:38:44+00:00\",\"dateModified\":\"2024-05-21T10:38:58+00:00\",\"breadcrumb\":{\"@id\":\"https:\/\/indiesmoke.co.in\/pa\/product\/cafe-creme-vanilla\/#breadcrumb\"},\"inLanguage\":\"pa-IN\",\"potentialAction\":[{\"@type\":\"ReadAction\",\"target\":[\"https:\/\/indiesmoke.co.in\/pa\/product\/cafe-creme-vanilla\/\"]}]},{\"@type\":\"ImageObject\",\"inLanguage\":\"pa-IN\",\"@id\":\"https:\/\/indiesmoke.co.in\/pa\/product\/cafe-creme-vanilla\/#primaryimage\",\"url\":\"https:\/\/indiesmoke.co.in\/wp-content\/uploads\/Cafe-Creme-Vanilla-1.jpg\",\"contentUrl\":\"https:\/\/indiesmoke.co.in\/wp-content\/uploads\/Cafe-Creme-Vanilla-1.jpg\",\"width\":700,\"height\":700},{\"@type\":\"BreadcrumbList\",\"@id\":\"https:\/\/indiesmoke.co.in\/pa\/product\/cafe-creme-vanilla\/#breadcrumb\",\"itemListElement\":[{\"@type\":\"ListItem\",\"position\":1,\"name\":\"Home\",\"item\":\"https:\/\/indiesmoke.co.in\/\"},{\"@type\":\"ListItem\",\"position\":2,\"name\":\"Shop\",\"item\":\"https:\/\/indiesmoke.co.in\/hi\/shop\/\"},{\"@type\":\"ListItem\",\"position\":3,\"name\":\"Caf\u00e9 Cr\u00e8me Vanilla\"}]},{\"@type\":\"WebSite\",\"@id\":\"https:\/\/indiesmoke.co.in\/hi\/#website\",\"url\":\"https:\/\/indiesmoke.co.in\/hi\/\",\"name\":\"Indie Smokes - Indie Smoke cigarette shop - Buy Cigarettes and tobacco\",\"description\":\"Indie Smoke is India&#039;s online source for affordable and top-class smoking products. We ship nationwide.\",\"potentialAction\":[{\"@type\":\"SearchAction\",\"target\":{\"@type\":\"EntryPoint\",\"urlTemplate\":\"https:\/\/indiesmoke.co.in\/hi\/?s={search_term_string}\"},\"query-input\":{\"@type\":\"PropertyValueSpecification\",\"valueRequired\":true,\"valueName\":\"search_term_string\"}}],\"inLanguage\":\"pa-IN\"}]}<\/script>\n<!-- \/ Yoast SEO Premium plugin. -->","yoast_head_json":{"title":"Caf\u00e9 Cr\u00e8me Vanilla - Indie Smokes - Indie Smoke cigarette shop - Buy Cigarettes and tobacco","robots":{"index":"index","follow":"follow","max-snippet":"max-snippet:-1","max-image-preview":"max-image-preview:large","max-video-preview":"max-video-preview:-1"},"canonical":"https:\/\/indiesmoke.co.in\/pa\/product\/cafe-creme-vanilla\/","og_locale":"pa_IN","og_type":"article","og_title":"Caf\u00e9 Cr\u00e8me Vanilla","og_description":"Indulge in the Luxurious Flavors of Caf\u00e9 Cr\u00e8me Vanilla Cigarillos Size: 3 x 20 Strength: Mild to Medium Discover the Rich History of Caf\u00e9 Cr\u00e8me Cigarillos Caf\u00e9 Cr\u00e8me has been a leader in the world of machine-made cigars since its inception in 1963. As one of the top-selling cigarillo brands globally, Caf\u00e9 Cr\u00e8me is enjoyed by enthusiasts in almost 100 countries, with a strong presence in France, the UK, Australia, Spain, Finland and Portugal. The brand offers a variety of options including flavored variants, filtered options and smaller sizes. Made with tobacco from Java, Colombia, the Dominican Republic and Italy and wrapped in natural Java or Ecuadorian leaves, these cigars are truly exceptional.","og_url":"https:\/\/indiesmoke.co.in\/pa\/product\/cafe-creme-vanilla\/","og_site_name":"Indie Smokes - Indie Smoke cigarette shop - Buy Cigarettes and tobacco","article_modified_time":"2024-05-21T10:38:58+00:00","og_image":[{"width":700,"height":700,"url":"https:\/\/indiesmoke.co.in\/wp-content\/uploads\/Cafe-Creme-Vanilla-1.jpg","type":"image\/jpeg"}],"twitter_card":"summary_large_image","twitter_misc":{"Est. reading time":"1 minute"},"schema":{"@context":"https:\/\/schema.org","@graph":[{"@type":"WebPage","@id":"https:\/\/indiesmoke.co.in\/pa\/product\/cafe-creme-vanilla\/","url":"https:\/\/indiesmoke.co.in\/pa\/product\/cafe-creme-vanilla\/","name":"Caf\u00e9 Cr\u00e8me Vanilla - Indie Smokes - Indie Smoke cigarette shop - Buy Cigarettes and tobacco","isPartOf":{"@id":"https:\/\/indiesmoke.co.in\/hi\/#website"},"primaryImageOfPage":{"@id":"https:\/\/indiesmoke.co.in\/pa\/product\/cafe-creme-vanilla\/#primaryimage"},"image":{"@id":"https:\/\/indiesmoke.co.in\/pa\/product\/cafe-creme-vanilla\/#primaryimage"},"thumbnailUrl":"https:\/\/indiesmoke.co.in\/wp-content\/uploads\/Cafe-Creme-Vanilla-1.jpg","datePublished":"2024-05-21T10:38:44+00:00","dateModified":"2024-05-21T10:38:58+00:00","breadcrumb":{"@id":"https:\/\/indiesmoke.co.in\/pa\/product\/cafe-creme-vanilla\/#breadcrumb"},"inLanguage":"pa-IN","potentialAction":[{"@type":"ReadAction","target":["https:\/\/indiesmoke.co.in\/pa\/product\/cafe-creme-vanilla\/"]}]},{"@type":"ImageObject","inLanguage":"pa-IN","@id":"https:\/\/indiesmoke.co.in\/pa\/product\/cafe-creme-vanilla\/#primaryimage","url":"https:\/\/indiesmoke.co.in\/wp-content\/uploads\/Cafe-Creme-Vanilla-1.jpg","contentUrl":"https:\/\/indiesmoke.co.in\/wp-content\/uploads\/Cafe-Creme-Vanilla-1.jpg","width":700,"height":700},{"@type":"BreadcrumbList","@id":"https:\/\/indiesmoke.co.in\/pa\/product\/cafe-creme-vanilla\/#breadcrumb","itemListElement":[{"@type":"ListItem","position":1,"name":"Home","item":"https:\/\/indiesmoke.co.in\/"},{"@type":"ListItem","position":2,"name":"Shop","item":"https:\/\/indiesmoke.co.in\/hi\/shop\/"},{"@type":"ListItem","position":3,"name":"Caf\u00e9 Cr\u00e8me Vanilla"}]},{"@type":"WebSite","@id":"https:\/\/indiesmoke.co.in\/hi\/#website","url":"https:\/\/indiesmoke.co.in\/hi\/","name":"Indie Smokes - Indie Smoke cigarette shop - Buy Cigarettes and tobacco","description":"Indie Smoke is India&#039;s online source for affordable and top-class smoking products. We ship nationwide.","potentialAction":[{"@type":"SearchAction","target":{"@type":"EntryPoint","urlTemplate":"https:\/\/indiesmoke.co.in\/hi\/?s={search_term_string}"},"query-input":{"@type":"PropertyValueSpecification","valueRequired":true,"valueName":"search_term_string"}}],"inLanguage":"pa-IN"}]}},"_links":{"self":[{"href":"https:\/\/indiesmoke.co.in\/pa\/wp-json\/wp\/v2\/product\/649516","targetHints":{"allow":["GET"]}}],"collection":[{"href":"https:\/\/indiesmoke.co.in\/pa\/wp-json\/wp\/v2\/product"}],"about":[{"href":"https:\/\/indiesmoke.co.in\/pa\/wp-json\/wp\/v2\/types\/product"}],"replies":[{"embeddable":true,"href":"https:\/\/indiesmoke.co.in\/pa\/wp-json\/wp\/v2\/comments?post=649516"}],"wp:featuredmedia":[{"embeddable":true,"href":"https:\/\/indiesmoke.co.in\/pa\/wp-json\/wp\/v2\/media\/649517"}],"wp:attachment":[{"href":"https:\/\/indiesmoke.co.in\/pa\/wp-json\/wp\/v2\/media?parent=649516"}],"wp:term":[{"taxonomy":"product_brand","embeddable":true,"href":"https:\/\/indiesmoke.co.in\/pa\/wp-json\/wp\/v2\/product_brand?post=649516"},{"taxonomy":"product_cat","embeddable":true,"href":"https:\/\/indiesmoke.co.in\/pa\/wp-json\/wp\/v2\/product_cat?post=649516"},{"taxonomy":"product_tag","embeddable":true,"href":"https:\/\/indiesmoke.co.in\/pa\/wp-json\/wp\/v2\/product_tag?post=649516"}],"curies":[{"name":"wp","href":"https:\/\/api.w.org\/{rel}","templated":true}]}}