{"id":650284,"date":"2024-05-21T11:04:56","date_gmt":"2024-05-21T11:04:56","guid":{"rendered":"https:\/\/indiesmoke.co.in\/product\/cafe-creme-sky\/"},"modified":"2024-05-21T11:05:41","modified_gmt":"2024-05-21T11:05:41","slug":"cafe-creme-sky","status":"publish","type":"product","link":"https:\/\/indiesmoke.co.in\/pa\/product\/cafe-creme-sky\/","title":{"rendered":"Caf\u00e9 Cr\u00e8me Sky"},"content":{"rendered":"<div class=\"wc-tab-inner\">\n<h3>Unique Caf\u00e9 Cr\u00e8me Sky Cigarillos<\/h3>\n<ul>\n<li><strong>Size<\/strong>: 3 x 20 inches<\/li>\n<li><strong>Strength<\/strong>: Mild to Medium intensity<\/li>\n<\/ul>\n<h3>About Our Caf\u00e9 Cr\u00e8me Cigarillos<\/h3>\n<p>Caf\u00e9 Cr\u00e8me has been the leading European brand of machine-made cigars since its establishment in 1963.<\/p>\n<p>As one of the top-selling cigarillo brands globally, Caf\u00e9 Cr\u00e8me is enjoyed in nearly 100 countries, with a strong presence in France, the UK, Australia, Spain, Finland and Portugal. Our premium selection offers a variety of flavors and sizes including options with tips and filters. Made with tobaccos from Java, Colombia, the Dominican Republic and Italy, each cigar is expertly wrapped in natural Java or Ecuadorian leaves for an exceptional smoking experience.<\/p>\n<\/div>","protected":false},"excerpt":{"rendered":"<p>Unique Caf\u00e9 Cr\u00e8me Sky Cigarillos Size: 3 x 20 inches Strength: Mild to Medium intensity About Our Caf\u00e9 Cr\u00e8me Cigarillos Caf\u00e9 Cr\u00e8me has been the leading European brand of machine-made cigars since its establishment in 1963. As one of the top-selling cigarillo brands globally, Caf\u00e9 Cr\u00e8me is enjoyed in nearly 100 countries, with a strong presence in France, the UK, Australia, Spain, Finland and Portugal. Our premium selection offers a variety of flavors and sizes including options with tips and filters. Made with tobaccos from Java, Colombia, the Dominican Republic and Italy, each cigar is expertly wrapped in natural Java or Ecuadorian leaves for an exceptional smoking experience.<\/p>","protected":false},"featured_media":650285,"comment_status":"open","ping_status":"open","template":"","meta":{"inline_featured_image":false},"product_brand":[],"product_cat":[2986,2987],"product_tag":[3272,3112,3085,3273],"class_list":{"0":"post-650284","1":"product","2":"type-product","3":"status-publish","4":"has-post-thumbnail","6":"product_cat-cigar-types-sizes","7":"product_cat-small-cigars","8":"product_tag-colombia","9":"product_tag-dominican-republic","10":"product_tag-italy","11":"product_tag-java","13":"first","14":"outofstock","15":"purchasable","16":"product-type-simple"},"yoast_head":"<!-- This site is optimized with the Yoast SEO Premium plugin v24.2 (Yoast SEO v25.6) - https:\/\/yoast.com\/wordpress\/plugins\/seo\/ -->\n<title>Caf\u00e9 Cr\u00e8me Sky - Indie Smokes - Indie Smoke cigarette shop - Buy Cigarettes and tobacco<\/title>\n<meta name=\"robots\" content=\"index, follow, max-snippet:-1, max-image-preview:large, max-video-preview:-1\" \/>\n<link rel=\"canonical\" href=\"https:\/\/indiesmoke.co.in\/pa\/product\/cafe-creme-sky\/\" \/>\n<meta property=\"og:locale\" content=\"pa_IN\" \/>\n<meta property=\"og:type\" content=\"article\" \/>\n<meta property=\"og:title\" content=\"Caf\u00e9 Cr\u00e8me Sky\" \/>\n<meta property=\"og:description\" content=\"Unique Caf\u00e9 Cr\u00e8me Sky Cigarillos Size: 3 x 20 inches Strength: Mild to Medium intensity About Our Caf\u00e9 Cr\u00e8me Cigarillos Caf\u00e9 Cr\u00e8me has been the leading European brand of machine-made cigars since its establishment in 1963. As one of the top-selling cigarillo brands globally, Caf\u00e9 Cr\u00e8me is enjoyed in nearly 100 countries, with a strong presence in France, the UK, Australia, Spain, Finland and Portugal. Our premium selection offers a variety of flavors and sizes including options with tips and filters. Made with tobaccos from Java, Colombia, the Dominican Republic and Italy, each cigar is expertly wrapped in natural Java or Ecuadorian leaves for an exceptional smoking experience.\" \/>\n<meta property=\"og:url\" content=\"https:\/\/indiesmoke.co.in\/pa\/product\/cafe-creme-sky\/\" \/>\n<meta property=\"og:site_name\" content=\"Indie Smokes - Indie Smoke cigarette shop - Buy Cigarettes and tobacco\" \/>\n<meta property=\"article:modified_time\" content=\"2024-05-21T11:05:41+00:00\" \/>\n<meta property=\"og:image\" content=\"https:\/\/indiesmoke.co.in\/wp-content\/uploads\/Cafe-Creme-Blue-Cigarillos-Tin-of-20-Cigars.jpg\" \/>\n\t<meta property=\"og:image:width\" content=\"2054\" \/>\n\t<meta property=\"og:image:height\" content=\"1788\" \/>\n\t<meta property=\"og:image:type\" content=\"image\/jpeg\" \/>\n<meta name=\"twitter:card\" content=\"summary_large_image\" \/>\n<meta name=\"twitter:label1\" content=\"Est. reading time\" \/>\n\t<meta name=\"twitter:data1\" content=\"1 minute\" \/>\n<script type=\"application\/ld+json\" class=\"yoast-schema-graph\">{\"@context\":\"https:\/\/schema.org\",\"@graph\":[{\"@type\":\"WebPage\",\"@id\":\"https:\/\/indiesmoke.co.in\/product\/cafe-creme-sky\/\",\"url\":\"https:\/\/indiesmoke.co.in\/product\/cafe-creme-sky\/\",\"name\":\"Caf\u00e9 Cr\u00e8me Sky - Indie Smokes - Indie Smoke cigarette shop - Buy Cigarettes and tobacco\",\"isPartOf\":{\"@id\":\"https:\/\/indiesmoke.co.in\/hi\/#website\"},\"primaryImageOfPage\":{\"@id\":\"https:\/\/indiesmoke.co.in\/product\/cafe-creme-sky\/#primaryimage\"},\"image\":{\"@id\":\"https:\/\/indiesmoke.co.in\/product\/cafe-creme-sky\/#primaryimage\"},\"thumbnailUrl\":\"https:\/\/indiesmoke.co.in\/wp-content\/uploads\/Cafe-Creme-Blue-Cigarillos-Tin-of-20-Cigars.jpg\",\"datePublished\":\"2024-05-21T11:04:56+00:00\",\"dateModified\":\"2024-05-21T11:05:41+00:00\",\"breadcrumb\":{\"@id\":\"https:\/\/indiesmoke.co.in\/product\/cafe-creme-sky\/#breadcrumb\"},\"inLanguage\":\"pa-IN\",\"potentialAction\":[{\"@type\":\"ReadAction\",\"target\":[\"https:\/\/indiesmoke.co.in\/product\/cafe-creme-sky\/\"]}]},{\"@type\":\"ImageObject\",\"inLanguage\":\"pa-IN\",\"@id\":\"https:\/\/indiesmoke.co.in\/product\/cafe-creme-sky\/#primaryimage\",\"url\":\"https:\/\/indiesmoke.co.in\/wp-content\/uploads\/Cafe-Creme-Blue-Cigarillos-Tin-of-20-Cigars.jpg\",\"contentUrl\":\"https:\/\/indiesmoke.co.in\/wp-content\/uploads\/Cafe-Creme-Blue-Cigarillos-Tin-of-20-Cigars.jpg\",\"width\":2054,\"height\":1788},{\"@type\":\"BreadcrumbList\",\"@id\":\"https:\/\/indiesmoke.co.in\/product\/cafe-creme-sky\/#breadcrumb\",\"itemListElement\":[{\"@type\":\"ListItem\",\"position\":1,\"name\":\"Home\",\"item\":\"https:\/\/indiesmoke.co.in\/\"},{\"@type\":\"ListItem\",\"position\":2,\"name\":\"Shop\",\"item\":\"https:\/\/indiesmoke.co.in\/hi\/shop\/\"},{\"@type\":\"ListItem\",\"position\":3,\"name\":\"Caf\u00e9 Cr\u00e8me Sky\"}]},{\"@type\":\"WebSite\",\"@id\":\"https:\/\/indiesmoke.co.in\/hi\/#website\",\"url\":\"https:\/\/indiesmoke.co.in\/hi\/\",\"name\":\"Indie Smokes - Indie Smoke cigarette shop - Buy Cigarettes and tobacco\",\"description\":\"Indie Smoke is India&#039;s online source for affordable and top-class smoking products. We ship nationwide.\",\"potentialAction\":[{\"@type\":\"SearchAction\",\"target\":{\"@type\":\"EntryPoint\",\"urlTemplate\":\"https:\/\/indiesmoke.co.in\/hi\/?s={search_term_string}\"},\"query-input\":{\"@type\":\"PropertyValueSpecification\",\"valueRequired\":true,\"valueName\":\"search_term_string\"}}],\"inLanguage\":\"pa-IN\"}]}<\/script>\n<!-- \/ Yoast SEO Premium plugin. -->","yoast_head_json":{"title":"Caf\u00e9 Cr\u00e8me Sky - Indie Smokes - Indie Smoke cigarette shop - Buy Cigarettes and tobacco","robots":{"index":"index","follow":"follow","max-snippet":"max-snippet:-1","max-image-preview":"max-image-preview:large","max-video-preview":"max-video-preview:-1"},"canonical":"https:\/\/indiesmoke.co.in\/pa\/product\/cafe-creme-sky\/","og_locale":"pa_IN","og_type":"article","og_title":"Caf\u00e9 Cr\u00e8me Sky","og_description":"Unique Caf\u00e9 Cr\u00e8me Sky Cigarillos Size: 3 x 20 inches Strength: Mild to Medium intensity About Our Caf\u00e9 Cr\u00e8me Cigarillos Caf\u00e9 Cr\u00e8me has been the leading European brand of machine-made cigars since its establishment in 1963. As one of the top-selling cigarillo brands globally, Caf\u00e9 Cr\u00e8me is enjoyed in nearly 100 countries, with a strong presence in France, the UK, Australia, Spain, Finland and Portugal. Our premium selection offers a variety of flavors and sizes including options with tips and filters. Made with tobaccos from Java, Colombia, the Dominican Republic and Italy, each cigar is expertly wrapped in natural Java or Ecuadorian leaves for an exceptional smoking experience.","og_url":"https:\/\/indiesmoke.co.in\/pa\/product\/cafe-creme-sky\/","og_site_name":"Indie Smokes - Indie Smoke cigarette shop - Buy Cigarettes and tobacco","article_modified_time":"2024-05-21T11:05:41+00:00","og_image":[{"width":2054,"height":1788,"url":"https:\/\/indiesmoke.co.in\/wp-content\/uploads\/Cafe-Creme-Blue-Cigarillos-Tin-of-20-Cigars.jpg","type":"image\/jpeg"}],"twitter_card":"summary_large_image","twitter_misc":{"Est. reading time":"1 minute"},"schema":{"@context":"https:\/\/schema.org","@graph":[{"@type":"WebPage","@id":"https:\/\/indiesmoke.co.in\/product\/cafe-creme-sky\/","url":"https:\/\/indiesmoke.co.in\/product\/cafe-creme-sky\/","name":"Caf\u00e9 Cr\u00e8me Sky - Indie Smokes - Indie Smoke cigarette shop - Buy Cigarettes and tobacco","isPartOf":{"@id":"https:\/\/indiesmoke.co.in\/hi\/#website"},"primaryImageOfPage":{"@id":"https:\/\/indiesmoke.co.in\/product\/cafe-creme-sky\/#primaryimage"},"image":{"@id":"https:\/\/indiesmoke.co.in\/product\/cafe-creme-sky\/#primaryimage"},"thumbnailUrl":"https:\/\/indiesmoke.co.in\/wp-content\/uploads\/Cafe-Creme-Blue-Cigarillos-Tin-of-20-Cigars.jpg","datePublished":"2024-05-21T11:04:56+00:00","dateModified":"2024-05-21T11:05:41+00:00","breadcrumb":{"@id":"https:\/\/indiesmoke.co.in\/product\/cafe-creme-sky\/#breadcrumb"},"inLanguage":"pa-IN","potentialAction":[{"@type":"ReadAction","target":["https:\/\/indiesmoke.co.in\/product\/cafe-creme-sky\/"]}]},{"@type":"ImageObject","inLanguage":"pa-IN","@id":"https:\/\/indiesmoke.co.in\/product\/cafe-creme-sky\/#primaryimage","url":"https:\/\/indiesmoke.co.in\/wp-content\/uploads\/Cafe-Creme-Blue-Cigarillos-Tin-of-20-Cigars.jpg","contentUrl":"https:\/\/indiesmoke.co.in\/wp-content\/uploads\/Cafe-Creme-Blue-Cigarillos-Tin-of-20-Cigars.jpg","width":2054,"height":1788},{"@type":"BreadcrumbList","@id":"https:\/\/indiesmoke.co.in\/product\/cafe-creme-sky\/#breadcrumb","itemListElement":[{"@type":"ListItem","position":1,"name":"Home","item":"https:\/\/indiesmoke.co.in\/"},{"@type":"ListItem","position":2,"name":"Shop","item":"https:\/\/indiesmoke.co.in\/hi\/shop\/"},{"@type":"ListItem","position":3,"name":"Caf\u00e9 Cr\u00e8me Sky"}]},{"@type":"WebSite","@id":"https:\/\/indiesmoke.co.in\/hi\/#website","url":"https:\/\/indiesmoke.co.in\/hi\/","name":"Indie Smokes - Indie Smoke cigarette shop - Buy Cigarettes and tobacco","description":"Indie Smoke is India&#039;s online source for affordable and top-class smoking products. We ship nationwide.","potentialAction":[{"@type":"SearchAction","target":{"@type":"EntryPoint","urlTemplate":"https:\/\/indiesmoke.co.in\/hi\/?s={search_term_string}"},"query-input":{"@type":"PropertyValueSpecification","valueRequired":true,"valueName":"search_term_string"}}],"inLanguage":"pa-IN"}]}},"_links":{"self":[{"href":"https:\/\/indiesmoke.co.in\/pa\/wp-json\/wp\/v2\/product\/650284","targetHints":{"allow":["GET"]}}],"collection":[{"href":"https:\/\/indiesmoke.co.in\/pa\/wp-json\/wp\/v2\/product"}],"about":[{"href":"https:\/\/indiesmoke.co.in\/pa\/wp-json\/wp\/v2\/types\/product"}],"replies":[{"embeddable":true,"href":"https:\/\/indiesmoke.co.in\/pa\/wp-json\/wp\/v2\/comments?post=650284"}],"wp:featuredmedia":[{"embeddable":true,"href":"https:\/\/indiesmoke.co.in\/pa\/wp-json\/wp\/v2\/media\/650285"}],"wp:attachment":[{"href":"https:\/\/indiesmoke.co.in\/pa\/wp-json\/wp\/v2\/media?parent=650284"}],"wp:term":[{"taxonomy":"product_brand","embeddable":true,"href":"https:\/\/indiesmoke.co.in\/pa\/wp-json\/wp\/v2\/product_brand?post=650284"},{"taxonomy":"product_cat","embeddable":true,"href":"https:\/\/indiesmoke.co.in\/pa\/wp-json\/wp\/v2\/product_cat?post=650284"},{"taxonomy":"product_tag","embeddable":true,"href":"https:\/\/indiesmoke.co.in\/pa\/wp-json\/wp\/v2\/product_tag?post=650284"}],"curies":[{"name":"wp","href":"https:\/\/api.w.org\/{rel}","templated":true}]}}